{"id":705,"date":"2021-07-14T23:20:44","date_gmt":"2021-07-14T23:20:44","guid":{"rendered":"https:\/\/www.elementhouse.de\/?page_id=705"},"modified":"2021-11-12T13:34:59","modified_gmt":"2021-11-12T13:34:59","slug":"energieeffizienz","status":"publish","type":"page","link":"https:\/\/www.elementhouse.de\/cs\/fenster\/energieeffizienz\/","title":{"rendered":"Energetick\u00e1 \u00fa\u010dinnost"},"content":{"rendered":"","protected":false},"excerpt":{"rendered":"","protected":false},"author":1,"featured_media":0,"parent":30,"menu_order":0,"comment_status":"closed","ping_status":"closed","template":"","meta":{"_acf_changed":false,"content-type":"","footnotes":""},"acf":[],"_links":{"self":[{"href":"https:\/\/www.elementhouse.de\/cs\/wp-json\/wp\/v2\/pages\/705"}],"collection":[{"href":"https:\/\/www.elementhouse.de\/cs\/wp-json\/wp\/v2\/pages"}],"about":[{"href":"https:\/\/www.elementhouse.de\/cs\/wp-json\/wp\/v2\/types\/page"}],"author":[{"embeddable":true,"href":"https:\/\/www.elementhouse.de\/cs\/wp-json\/wp\/v2\/users\/1"}],"replies":[{"embeddable":true,"href":"https:\/\/www.elementhouse.de\/cs\/wp-json\/wp\/v2\/comments?post=705"}],"version-history":[{"count":1,"href":"https:\/\/www.elementhouse.de\/cs\/wp-json\/wp\/v2\/pages\/705\/revisions"}],"predecessor-version":[{"id":706,"href":"https:\/\/www.elementhouse.de\/cs\/wp-json\/wp\/v2\/pages\/705\/revisions\/706"}],"up":[{"embeddable":true,"href":"https:\/\/www.elementhouse.de\/cs\/wp-json\/wp\/v2\/pages\/30"}],"wp:attachment":[{"href":"https:\/\/www.elementhouse.de\/cs\/wp-json\/wp\/v2\/media?parent=705"}],"curies":[{"name":"wp","href":"https:\/\/api.w.org\/{rel}","templated":true}]}}