{"id":1214,"date":"2021-11-24T12:11:29","date_gmt":"2021-11-24T12:11:29","guid":{"rendered":"https:\/\/www.elementhouse.de\/?page_id=1214"},"modified":"2021-11-24T12:11:29","modified_gmt":"2021-11-24T12:11:29","slug":"turen","status":"publish","type":"page","link":"https:\/\/www.elementhouse.de\/cs\/turen\/","title":{"rendered":"T\u00fcren | Kunststofft\u00fcren &#038; Aluminiumt\u00fcren"},"content":{"rendered":"","protected":false},"excerpt":{"rendered":"","protected":false},"author":1,"featured_media":0,"parent":0,"menu_order":0,"comment_status":"closed","ping_status":"closed","template":"","meta":{"_acf_changed":false,"content-type":"","footnotes":""},"acf":[],"_links":{"self":[{"href":"https:\/\/www.elementhouse.de\/cs\/wp-json\/wp\/v2\/pages\/1214"}],"collection":[{"href":"https:\/\/www.elementhouse.de\/cs\/wp-json\/wp\/v2\/pages"}],"about":[{"href":"https:\/\/www.elementhouse.de\/cs\/wp-json\/wp\/v2\/types\/page"}],"author":[{"embeddable":true,"href":"https:\/\/www.elementhouse.de\/cs\/wp-json\/wp\/v2\/users\/1"}],"replies":[{"embeddable":true,"href":"https:\/\/www.elementhouse.de\/cs\/wp-json\/wp\/v2\/comments?post=1214"}],"version-history":[{"count":1,"href":"https:\/\/www.elementhouse.de\/cs\/wp-json\/wp\/v2\/pages\/1214\/revisions"}],"predecessor-version":[{"id":1215,"href":"https:\/\/www.elementhouse.de\/cs\/wp-json\/wp\/v2\/pages\/1214\/revisions\/1215"}],"wp:attachment":[{"href":"https:\/\/www.elementhouse.de\/cs\/wp-json\/wp\/v2\/media?parent=1214"}],"curies":[{"name":"wp","href":"https:\/\/api.w.org\/{rel}","templated":true}]}}